{"id":605,"date":"2022-08-05T15:30:24","date_gmt":"2022-08-05T13:30:24","guid":{"rendered":"https:\/\/link-art-tattoo.com\/?page_id=605"},"modified":"2022-11-30T14:05:07","modified_gmt":"2022-11-30T13:05:07","slug":"prints-linogravures","status":"publish","type":"page","link":"https:\/\/link-art-tattoo.com\/index.php\/prints-linogravures\/","title":{"rendered":"Prints \u00e0 Vendre"},"content":{"rendered":"\t\t<div data-elementor-type=\"wp-page\" data-elementor-id=\"605\" class=\"elementor elementor-605\" data-elementor-settings=\"[]\">\n\t\t\t\t\t\t\t<div class=\"elementor-section-wrap\">\n\t\t\t\t\t\t\t<section class=\"elementor-section elementor-top-section elementor-element elementor-element-3919df1 elementor-section-boxed elementor-section-height-default elementor-section-height-default\" data-id=\"3919df1\" data-element_type=\"section\">\n\t\t\t\t\t\t<div class=\"elementor-container elementor-column-gap-default\">\n\t\t\t\t\t<div class=\"elementor-column elementor-col-100 elementor-top-column elementor-element elementor-element-8f5edab\" data-id=\"8f5edab\" data-element_type=\"column\">\n\t\t\t<div class=\"elementor-widget-wrap elementor-element-populated\">\n\t\t\t\t\t\t\t\t<div class=\"elementor-element elementor-element-2dd113b elementor-widget-divider--view-line elementor-widget elementor-widget-divider\" data-id=\"2dd113b\" data-element_type=\"widget\" data-widget_type=\"divider.default\">\n\t\t\t\t<div class=\"elementor-widget-container\">\n\t\t\t<style>\/*! elementor - v3.5.3 - 28-12-2021 *\/\n.elementor-widget-divider{--divider-border-style:none;--divider-border-width:1px;--divider-color:#2c2c2c;--divider-icon-size:20px;--divider-element-spacing:10px;--divider-pattern-height:24px;--divider-pattern-size:20px;--divider-pattern-url:none;--divider-pattern-repeat:repeat-x}.elementor-widget-divider .elementor-divider{display:-webkit-box;display:-ms-flexbox;display:flex}.elementor-widget-divider .elementor-divider__text{font-size:15px;line-height:1;max-width:95%}.elementor-widget-divider .elementor-divider__element{margin:0 var(--divider-element-spacing);-ms-flex-negative:0;flex-shrink:0}.elementor-widget-divider .elementor-icon{font-size:var(--divider-icon-size)}.elementor-widget-divider .elementor-divider-separator{display:-webkit-box;display:-ms-flexbox;display:flex;margin:0;direction:ltr}.elementor-widget-divider--view-line_icon .elementor-divider-separator,.elementor-widget-divider--view-line_text .elementor-divider-separator{-webkit-box-align:center;-ms-flex-align:center;align-items:center}.elementor-widget-divider--view-line_icon .elementor-divider-separator:after,.elementor-widget-divider--view-line_icon .elementor-divider-separator:before,.elementor-widget-divider--view-line_text .elementor-divider-separator:after,.elementor-widget-divider--view-line_text .elementor-divider-separator:before{display:block;content:\"\";border-bottom:0;-webkit-box-flex:1;-ms-flex-positive:1;flex-grow:1;border-top:var(--divider-border-width) var(--divider-border-style) var(--divider-color)}.elementor-widget-divider--element-align-left .elementor-divider .elementor-divider-separator>.elementor-divider__svg:first-of-type{-webkit-box-flex:0;-ms-flex-positive:0;flex-grow:0;-ms-flex-negative:100;flex-shrink:100}.elementor-widget-divider--element-align-left .elementor-divider-separator:before{content:none}.elementor-widget-divider--element-align-left .elementor-divider__element{margin-left:0}.elementor-widget-divider--element-align-right .elementor-divider .elementor-divider-separator>.elementor-divider__svg:last-of-type{-webkit-box-flex:0;-ms-flex-positive:0;flex-grow:0;-ms-flex-negative:100;flex-shrink:100}.elementor-widget-divider--element-align-right .elementor-divider-separator:after{content:none}.elementor-widget-divider--element-align-right .elementor-divider__element{margin-right:0}.elementor-widget-divider:not(.elementor-widget-divider--view-line_text):not(.elementor-widget-divider--view-line_icon) .elementor-divider-separator{border-top:var(--divider-border-width) var(--divider-border-style) var(--divider-color)}.elementor-widget-divider--separator-type-pattern{--divider-border-style:none}.elementor-widget-divider--separator-type-pattern.elementor-widget-divider--view-line .elementor-divider-separator,.elementor-widget-divider--separator-type-pattern:not(.elementor-widget-divider--view-line) .elementor-divider-separator:after,.elementor-widget-divider--separator-type-pattern:not(.elementor-widget-divider--view-line) .elementor-divider-separator:before,.elementor-widget-divider--separator-type-pattern:not([class*=elementor-widget-divider--view]) .elementor-divider-separator{width:100%;min-height:var(--divider-pattern-height);-webkit-mask-size:var(--divider-pattern-size) 100%;mask-size:var(--divider-pattern-size) 100%;-webkit-mask-repeat:var(--divider-pattern-repeat);mask-repeat:var(--divider-pattern-repeat);background-color:var(--divider-color);-webkit-mask-image:var(--divider-pattern-url);mask-image:var(--divider-pattern-url)}.elementor-widget-divider--no-spacing{--divider-pattern-size:auto}.elementor-widget-divider--bg-round{--divider-pattern-repeat:round}.rtl .elementor-widget-divider .elementor-divider__text{direction:rtl}<\/style>\t\t<div class=\"elementor-divider\">\n\t\t\t<span class=\"elementor-divider-separator\">\n\t\t\t\t\t\t<\/span>\n\t\t<\/div>\n\t\t\t\t<\/div>\n\t\t\t\t<\/div>\n\t\t\t\t\t<\/div>\n\t\t<\/div>\n\t\t\t\t\t\t\t<\/div>\n\t\t<\/section>\n\t\t\t\t<section class=\"elementor-section elementor-top-section elementor-element elementor-element-ddb2766 elementor-section-boxed elementor-section-height-default elementor-section-height-default\" data-id=\"ddb2766\" data-element_type=\"section\">\n\t\t\t\t\t\t<div class=\"elementor-container elementor-column-gap-default\">\n\t\t\t\t\t<div class=\"elementor-column elementor-col-100 elementor-top-column elementor-element elementor-element-78d00fc\" data-id=\"78d00fc\" data-element_type=\"column\">\n\t\t\t<div class=\"elementor-widget-wrap elementor-element-populated\">\n\t\t\t\t\t\t\t\t<div class=\"elementor-element elementor-element-9de68fd elementor-widget elementor-widget-text-editor\" data-id=\"9de68fd\" data-element_type=\"widget\" data-widget_type=\"text-editor.default\">\n\t\t\t\t<div class=\"elementor-widget-container\">\n\t\t\t<style>\/*! elementor - v3.5.3 - 28-12-2021 *\/\n.elementor-widget-text-editor.elementor-drop-cap-view-stacked .elementor-drop-cap{background-color:#818a91;color:#fff}.elementor-widget-text-editor.elementor-drop-cap-view-framed .elementor-drop-cap{color:#818a91;border:3px solid;background-color:transparent}.elementor-widget-text-editor:not(.elementor-drop-cap-view-default) .elementor-drop-cap{margin-top:8px}.elementor-widget-text-editor:not(.elementor-drop-cap-view-default) .elementor-drop-cap-letter{width:1em;height:1em}.elementor-widget-text-editor .elementor-drop-cap{float:left;text-align:center;line-height:1;font-size:50px}.elementor-widget-text-editor .elementor-drop-cap-letter{display:inline-block}<\/style>\t\t\t\t<p>Toutes nos oeuvres sont visibles au shop, n&rsquo;h\u00e9sitez pas \u00e0 nous contacter pour plus de renseignements sur les prints ou pour vos devis sur des cr\u00e9ations personnalis\u00e9es<\/p>\t\t\t\t\t\t<\/div>\n\t\t\t\t<\/div>\n\t\t\t\t\t<\/div>\n\t\t<\/div>\n\t\t\t\t\t\t\t<\/div>\n\t\t<\/section>\n\t\t\t\t<section class=\"elementor-section elementor-top-section elementor-element elementor-element-c7d991b elementor-section-boxed elementor-section-height-default elementor-section-height-default\" data-id=\"c7d991b\" data-element_type=\"section\">\n\t\t\t\t\t\t<div class=\"elementor-container elementor-column-gap-default\">\n\t\t\t\t\t<div class=\"elementor-column elementor-col-100 elementor-top-column elementor-element elementor-element-c4a3acb\" data-id=\"c4a3acb\" data-element_type=\"column\">\n\t\t\t<div class=\"elementor-widget-wrap elementor-element-populated\">\n\t\t\t\t\t\t\t\t<div class=\"elementor-element elementor-element-4ef049a elementor-widget elementor-widget-e_image_hover_effects\" data-id=\"4ef049a\" data-element_type=\"widget\" data-widget_type=\"e_image_hover_effects.default\">\n\t\t\t\t<div class=\"elementor-widget-container\">\n\t\t\t\t\t\t<a href=\"https:\/\/link-art-tattoo.com\/index.php\/prints-gaia\/\">\n\t\t\t\t\t<div class=\"eihe-box eihe-fade-in-up eihe_center\">\n\t\t\t\t<img width=\"1024\" height=\"606\" src=\"https:\/\/link-art-tattoo.com\/wp-content\/uploads\/2022\/07\/IMG_20220610_153407-scaled-e1659707886618-1024x606.jpg\" class=\"attachment-large size-large\" alt=\"\" loading=\"lazy\" srcset=\"https:\/\/link-art-tattoo.com\/wp-content\/uploads\/2022\/07\/IMG_20220610_153407-scaled-e1659707886618-1024x606.jpg 1024w, https:\/\/link-art-tattoo.com\/wp-content\/uploads\/2022\/07\/IMG_20220610_153407-scaled-e1659707886618-300x178.jpg 300w, https:\/\/link-art-tattoo.com\/wp-content\/uploads\/2022\/07\/IMG_20220610_153407-scaled-e1659707886618-768x454.jpg 768w, https:\/\/link-art-tattoo.com\/wp-content\/uploads\/2022\/07\/IMG_20220610_153407-scaled-e1659707886618-1536x909.jpg 1536w, https:\/\/link-art-tattoo.com\/wp-content\/uploads\/2022\/07\/IMG_20220610_153407-scaled-e1659707886618.jpg 1913w\" sizes=\"(max-width: 1024px) 100vw, 1024px\" \/>\t\t\t\t<div class=\"eihe-caption\">\n\t\t\t\t\t<div class=\"eihe-title-cover\">\n\t\t\t\t\t\t\t\t\t\t\t\t<h3 class=\"eihe-title\">Les prints de Ga\u00efa<\/h3>\n\t\t\t\t\t\t\t\t\t\t\t<\/div>\n\t\t\t\t\t<p><\/p>\n\t\t\t\t<\/div>\n\t\t\t<\/div>\n\t\t\t\t\t<\/a>\n\t\t\t\t<\/div>\n\t\t\t\t<\/div>\n\t\t\t\t\t<\/div>\n\t\t<\/div>\n\t\t\t\t\t\t\t<\/div>\n\t\t<\/section>\n\t\t\t\t\t\t<\/div>\n\t\t\t\t\t<\/div>\n\t\t","protected":false},"excerpt":{"rendered":"<p>Toutes nos oeuvres sont visibles au shop, n&rsquo;h\u00e9sitez pas \u00e0 nous contacter pour plus de renseignements sur les prints ou pour vos devis sur des cr\u00e9ations personnalis\u00e9es Les prints de Ga\u00efa<\/p>\n","protected":false},"author":1,"featured_media":0,"parent":0,"menu_order":0,"comment_status":"closed","ping_status":"closed","template":"elementor_header_footer","meta":[],"yoast_head":"<!-- This site is optimized with the Yoast SEO plugin v17.8 - https:\/\/yoast.com\/wordpress\/plugins\/seo\/ -->\n<title>Prints \u00e0 Vendre - Link Art &amp; Tattoo<\/title>\n<meta name=\"robots\" content=\"index, follow, max-snippet:-1, max-image-preview:large, max-video-preview:-1\" \/>\n<link rel=\"canonical\" href=\"https:\/\/link-art-tattoo.com\/index.php\/prints-linogravures\/\" \/>\n<meta property=\"og:locale\" content=\"fr_FR\" \/>\n<meta property=\"og:type\" content=\"article\" \/>\n<meta property=\"og:title\" content=\"Prints \u00e0 Vendre - Link Art &amp; Tattoo\" \/>\n<meta property=\"og:description\" content=\"Toutes nos oeuvres sont visibles au shop, n&rsquo;h\u00e9sitez pas \u00e0 nous contacter pour plus de renseignements sur les prints ou pour vos devis sur des cr\u00e9ations personnalis\u00e9es Les prints de Ga\u00efa\" \/>\n<meta property=\"og:url\" content=\"https:\/\/link-art-tattoo.com\/index.php\/prints-linogravures\/\" \/>\n<meta property=\"og:site_name\" content=\"Link Art &amp; Tattoo\" \/>\n<meta property=\"article:modified_time\" content=\"2022-11-30T13:05:07+00:00\" \/>\n<meta property=\"og:image\" content=\"https:\/\/link-art-tattoo.com\/wp-content\/uploads\/2022\/07\/IMG_20220610_153407-scaled-e1659707886618-1024x606.jpg\" \/>\n<meta name=\"twitter:card\" content=\"summary_large_image\" \/>\n<meta name=\"twitter:label1\" content=\"Dur\u00e9e de lecture estim\u00e9e\" \/>\n\t<meta name=\"twitter:data1\" content=\"1 minute\" \/>\n<script type=\"application\/ld+json\" class=\"yoast-schema-graph\">{\"@context\":\"https:\/\/schema.org\",\"@graph\":[{\"@type\":\"WebSite\",\"@id\":\"https:\/\/link-art-tattoo.com\/#website\",\"url\":\"https:\/\/link-art-tattoo.com\/\",\"name\":\"Link Art &amp; Tattoo\",\"description\":\"\",\"potentialAction\":[{\"@type\":\"SearchAction\",\"target\":{\"@type\":\"EntryPoint\",\"urlTemplate\":\"https:\/\/link-art-tattoo.com\/?s={search_term_string}\"},\"query-input\":\"required name=search_term_string\"}],\"inLanguage\":\"fr-FR\"},{\"@type\":\"ImageObject\",\"@id\":\"https:\/\/link-art-tattoo.com\/index.php\/prints-linogravures\/#primaryimage\",\"inLanguage\":\"fr-FR\",\"url\":\"https:\/\/link-art-tattoo.com\/wp-content\/uploads\/2022\/07\/IMG_20220610_153407-scaled-e1659707886618.jpg\",\"contentUrl\":\"https:\/\/link-art-tattoo.com\/wp-content\/uploads\/2022\/07\/IMG_20220610_153407-scaled-e1659707886618.jpg\",\"width\":1913,\"height\":1132},{\"@type\":\"WebPage\",\"@id\":\"https:\/\/link-art-tattoo.com\/index.php\/prints-linogravures\/#webpage\",\"url\":\"https:\/\/link-art-tattoo.com\/index.php\/prints-linogravures\/\",\"name\":\"Prints \\u00e0 Vendre - Link Art &amp; Tattoo\",\"isPartOf\":{\"@id\":\"https:\/\/link-art-tattoo.com\/#website\"},\"primaryImageOfPage\":{\"@id\":\"https:\/\/link-art-tattoo.com\/index.php\/prints-linogravures\/#primaryimage\"},\"datePublished\":\"2022-08-05T13:30:24+00:00\",\"dateModified\":\"2022-11-30T13:05:07+00:00\",\"breadcrumb\":{\"@id\":\"https:\/\/link-art-tattoo.com\/index.php\/prints-linogravures\/#breadcrumb\"},\"inLanguage\":\"fr-FR\",\"potentialAction\":[{\"@type\":\"ReadAction\",\"target\":[\"https:\/\/link-art-tattoo.com\/index.php\/prints-linogravures\/\"]}]},{\"@type\":\"BreadcrumbList\",\"@id\":\"https:\/\/link-art-tattoo.com\/index.php\/prints-linogravures\/#breadcrumb\",\"itemListElement\":[{\"@type\":\"ListItem\",\"position\":1,\"name\":\"Accueil\",\"item\":\"https:\/\/link-art-tattoo.com\/\"},{\"@type\":\"ListItem\",\"position\":2,\"name\":\"Prints \\u00e0 Vendre\"}]}]}<\/script>\n<!-- \/ Yoast SEO plugin. -->","yoast_head_json":{"title":"Prints \u00e0 Vendre - Link Art &amp; Tattoo","robots":{"index":"index","follow":"follow","max-snippet":"max-snippet:-1","max-image-preview":"max-image-preview:large","max-video-preview":"max-video-preview:-1"},"canonical":"https:\/\/link-art-tattoo.com\/index.php\/prints-linogravures\/","og_locale":"fr_FR","og_type":"article","og_title":"Prints \u00e0 Vendre - Link Art &amp; Tattoo","og_description":"Toutes nos oeuvres sont visibles au shop, n&rsquo;h\u00e9sitez pas \u00e0 nous contacter pour plus de renseignements sur les prints ou pour vos devis sur des cr\u00e9ations personnalis\u00e9es Les prints de Ga\u00efa","og_url":"https:\/\/link-art-tattoo.com\/index.php\/prints-linogravures\/","og_site_name":"Link Art &amp; Tattoo","article_modified_time":"2022-11-30T13:05:07+00:00","og_image":[{"url":"https:\/\/link-art-tattoo.com\/wp-content\/uploads\/2022\/07\/IMG_20220610_153407-scaled-e1659707886618-1024x606.jpg"}],"twitter_card":"summary_large_image","twitter_misc":{"Dur\u00e9e de lecture estim\u00e9e":"1 minute"},"schema":{"@context":"https:\/\/schema.org","@graph":[{"@type":"WebSite","@id":"https:\/\/link-art-tattoo.com\/#website","url":"https:\/\/link-art-tattoo.com\/","name":"Link Art &amp; Tattoo","description":"","potentialAction":[{"@type":"SearchAction","target":{"@type":"EntryPoint","urlTemplate":"https:\/\/link-art-tattoo.com\/?s={search_term_string}"},"query-input":"required name=search_term_string"}],"inLanguage":"fr-FR"},{"@type":"ImageObject","@id":"https:\/\/link-art-tattoo.com\/index.php\/prints-linogravures\/#primaryimage","inLanguage":"fr-FR","url":"https:\/\/link-art-tattoo.com\/wp-content\/uploads\/2022\/07\/IMG_20220610_153407-scaled-e1659707886618.jpg","contentUrl":"https:\/\/link-art-tattoo.com\/wp-content\/uploads\/2022\/07\/IMG_20220610_153407-scaled-e1659707886618.jpg","width":1913,"height":1132},{"@type":"WebPage","@id":"https:\/\/link-art-tattoo.com\/index.php\/prints-linogravures\/#webpage","url":"https:\/\/link-art-tattoo.com\/index.php\/prints-linogravures\/","name":"Prints \u00e0 Vendre - Link Art &amp; Tattoo","isPartOf":{"@id":"https:\/\/link-art-tattoo.com\/#website"},"primaryImageOfPage":{"@id":"https:\/\/link-art-tattoo.com\/index.php\/prints-linogravures\/#primaryimage"},"datePublished":"2022-08-05T13:30:24+00:00","dateModified":"2022-11-30T13:05:07+00:00","breadcrumb":{"@id":"https:\/\/link-art-tattoo.com\/index.php\/prints-linogravures\/#breadcrumb"},"inLanguage":"fr-FR","potentialAction":[{"@type":"ReadAction","target":["https:\/\/link-art-tattoo.com\/index.php\/prints-linogravures\/"]}]},{"@type":"BreadcrumbList","@id":"https:\/\/link-art-tattoo.com\/index.php\/prints-linogravures\/#breadcrumb","itemListElement":[{"@type":"ListItem","position":1,"name":"Accueil","item":"https:\/\/link-art-tattoo.com\/"},{"@type":"ListItem","position":2,"name":"Prints \u00e0 Vendre"}]}]}},"_links":{"self":[{"href":"https:\/\/link-art-tattoo.com\/index.php\/wp-json\/wp\/v2\/pages\/605"}],"collection":[{"href":"https:\/\/link-art-tattoo.com\/index.php\/wp-json\/wp\/v2\/pages"}],"about":[{"href":"https:\/\/link-art-tattoo.com\/index.php\/wp-json\/wp\/v2\/types\/page"}],"author":[{"embeddable":true,"href":"https:\/\/link-art-tattoo.com\/index.php\/wp-json\/wp\/v2\/users\/1"}],"replies":[{"embeddable":true,"href":"https:\/\/link-art-tattoo.com\/index.php\/wp-json\/wp\/v2\/comments?post=605"}],"version-history":[{"count":20,"href":"https:\/\/link-art-tattoo.com\/index.php\/wp-json\/wp\/v2\/pages\/605\/revisions"}],"predecessor-version":[{"id":1190,"href":"https:\/\/link-art-tattoo.com\/index.php\/wp-json\/wp\/v2\/pages\/605\/revisions\/1190"}],"wp:attachment":[{"href":"https:\/\/link-art-tattoo.com\/index.php\/wp-json\/wp\/v2\/media?parent=605"}],"curies":[{"name":"wp","href":"https:\/\/api.w.org\/{rel}","templated":true}]}}