{"id":1601,"date":"2022-12-30T15:14:33","date_gmt":"2022-12-30T14:14:33","guid":{"rendered":"https:\/\/link-art-tattoo.com\/?page_id=1601"},"modified":"2024-05-13T16:50:45","modified_gmt":"2024-05-13T14:50:45","slug":"categories-et-styles","status":"publish","type":"page","link":"https:\/\/link-art-tattoo.com\/index.php\/le-shop\/categories-et-styles\/","title":{"rendered":"Cat\u00e9gories &#038; Styles"},"content":{"rendered":"\t\t<div data-elementor-type=\"wp-page\" data-elementor-id=\"1601\" class=\"elementor elementor-1601\" data-elementor-settings=\"[]\">\n\t\t\t\t\t\t\t<div class=\"elementor-section-wrap\">\n\t\t\t\t\t\t\t<section class=\"elementor-section elementor-top-section elementor-element elementor-element-6885e24 elementor-section-boxed elementor-section-height-default elementor-section-height-default\" data-id=\"6885e24\" data-element_type=\"section\">\n\t\t\t\t\t\t<div class=\"elementor-container elementor-column-gap-default\">\n\t\t\t\t\t<div class=\"elementor-column elementor-col-100 elementor-top-column elementor-element elementor-element-dcb6903\" data-id=\"dcb6903\" data-element_type=\"column\">\n\t\t\t<div class=\"elementor-widget-wrap elementor-element-populated\">\n\t\t\t\t\t\t\t\t<div class=\"elementor-element elementor-element-293e984 elementor-widget elementor-widget-heading\" data-id=\"293e984\" data-element_type=\"widget\" data-widget_type=\"heading.default\">\n\t\t\t\t<div class=\"elementor-widget-container\">\n\t\t\t<style>\/*! elementor - v3.5.3 - 28-12-2021 *\/\n.elementor-heading-title{padding:0;margin:0;line-height:1}.elementor-widget-heading .elementor-heading-title[class*=elementor-size-]>a{color:inherit;font-size:inherit;line-height:inherit}.elementor-widget-heading .elementor-heading-title.elementor-size-small{font-size:15px}.elementor-widget-heading .elementor-heading-title.elementor-size-medium{font-size:19px}.elementor-widget-heading .elementor-heading-title.elementor-size-large{font-size:29px}.elementor-widget-heading .elementor-heading-title.elementor-size-xl{font-size:39px}.elementor-widget-heading .elementor-heading-title.elementor-size-xxl{font-size:59px}<\/style><h2 class=\"elementor-heading-title elementor-size-default\">Styles Graphiques de Nos tatoueurs<\/h2>\t\t<\/div>\n\t\t\t\t<\/div>\n\t\t\t\t\t<\/div>\n\t\t<\/div>\n\t\t\t\t\t\t\t<\/div>\n\t\t<\/section>\n\t\t\t\t<section class=\"elementor-section elementor-top-section elementor-element elementor-element-1bea525 elementor-section-boxed elementor-section-height-default elementor-section-height-default\" data-id=\"1bea525\" data-element_type=\"section\">\n\t\t\t\t\t\t<div class=\"elementor-container elementor-column-gap-default\">\n\t\t\t\t\t<div class=\"elementor-column elementor-col-16 elementor-top-column elementor-element elementor-element-3ebf8f1\" data-id=\"3ebf8f1\" data-element_type=\"column\">\n\t\t\t<div class=\"elementor-widget-wrap elementor-element-populated\">\n\t\t\t\t\t\t\t\t<div class=\"elementor-element elementor-element-f8c09ce elementor-widget elementor-widget-image\" data-id=\"f8c09ce\" data-element_type=\"widget\" data-widget_type=\"image.default\">\n\t\t\t\t<div class=\"elementor-widget-container\">\n\t\t\t<style>\/*! elementor - v3.5.3 - 28-12-2021 *\/\n.elementor-widget-image{text-align:center}.elementor-widget-image a{display:inline-block}.elementor-widget-image a img[src$=\".svg\"]{width:48px}.elementor-widget-image img{vertical-align:middle;display:inline-block}<\/style>\t\t\t\t\t\t\t\t\t<figure class=\"wp-caption\">\n\t\t\t\t\t\t\t\t\t\t\t<a href=\"https:\/\/link-art-tattoo.com\/index.php\/realisme\/\">\n\t\t\t\t\t\t\t<img width=\"1200\" height=\"1600\" src=\"https:\/\/link-art-tattoo.com\/wp-content\/uploads\/2022\/12\/IMG-20221206-WA0009.jpg\" class=\"attachment-full size-full\" alt=\"\" loading=\"lazy\" srcset=\"https:\/\/link-art-tattoo.com\/wp-content\/uploads\/2022\/12\/IMG-20221206-WA0009.jpg 1200w, https:\/\/link-art-tattoo.com\/wp-content\/uploads\/2022\/12\/IMG-20221206-WA0009-225x300.jpg 225w, https:\/\/link-art-tattoo.com\/wp-content\/uploads\/2022\/12\/IMG-20221206-WA0009-768x1024.jpg 768w, https:\/\/link-art-tattoo.com\/wp-content\/uploads\/2022\/12\/IMG-20221206-WA0009-1152x1536.jpg 1152w\" sizes=\"(max-width: 1200px) 100vw, 1200px\" \/>\t\t\t\t\t\t\t\t<\/a>\n\t\t\t\t\t\t\t\t\t\t\t<figcaption class=\"widget-image-caption wp-caption-text\">R\u00e9alisme<\/figcaption>\n\t\t\t\t\t\t\t\t\t\t<\/figure>\n\t\t\t\t\t\t\t\t\t<\/div>\n\t\t\t\t<\/div>\n\t\t\t\t\t<\/div>\n\t\t<\/div>\n\t\t\t\t<div class=\"elementor-column elementor-col-16 elementor-top-column elementor-element elementor-element-c694399\" data-id=\"c694399\" data-element_type=\"column\">\n\t\t\t<div class=\"elementor-widget-wrap elementor-element-populated\">\n\t\t\t\t\t\t\t\t<div class=\"elementor-element elementor-element-ab93bb1 elementor-widget elementor-widget-image\" data-id=\"ab93bb1\" data-element_type=\"widget\" data-widget_type=\"image.default\">\n\t\t\t\t<div class=\"elementor-widget-container\">\n\t\t\t\t\t\t\t\t\t\t\t\t<figure class=\"wp-caption\">\n\t\t\t\t\t\t\t\t\t\t\t<a href=\"https:\/\/link-art-tattoo.com\/index.php\/blackwork-neotrad\/\">\n\t\t\t\t\t\t\t<img width=\"1864\" height=\"2560\" src=\"https:\/\/link-art-tattoo.com\/wp-content\/uploads\/2022\/12\/Picsart_22-09-15_13-35-53-913-scaled.jpg\" class=\"attachment-full size-full\" alt=\"\" loading=\"lazy\" srcset=\"https:\/\/link-art-tattoo.com\/wp-content\/uploads\/2022\/12\/Picsart_22-09-15_13-35-53-913-scaled.jpg 1864w, https:\/\/link-art-tattoo.com\/wp-content\/uploads\/2022\/12\/Picsart_22-09-15_13-35-53-913-218x300.jpg 218w, https:\/\/link-art-tattoo.com\/wp-content\/uploads\/2022\/12\/Picsart_22-09-15_13-35-53-913-746x1024.jpg 746w, https:\/\/link-art-tattoo.com\/wp-content\/uploads\/2022\/12\/Picsart_22-09-15_13-35-53-913-768x1055.jpg 768w, https:\/\/link-art-tattoo.com\/wp-content\/uploads\/2022\/12\/Picsart_22-09-15_13-35-53-913-1119x1536.jpg 1119w, https:\/\/link-art-tattoo.com\/wp-content\/uploads\/2022\/12\/Picsart_22-09-15_13-35-53-913-1491x2048.jpg 1491w\" sizes=\"(max-width: 1864px) 100vw, 1864px\" \/>\t\t\t\t\t\t\t\t<\/a>\n\t\t\t\t\t\t\t\t\t\t\t<figcaption class=\"widget-image-caption wp-caption-text\">BlackWork \/ Neotrad<\/figcaption>\n\t\t\t\t\t\t\t\t\t\t<\/figure>\n\t\t\t\t\t\t\t\t\t<\/div>\n\t\t\t\t<\/div>\n\t\t\t\t\t<\/div>\n\t\t<\/div>\n\t\t\t\t<div class=\"elementor-column elementor-col-16 elementor-top-column elementor-element elementor-element-8c8d0de\" data-id=\"8c8d0de\" data-element_type=\"column\">\n\t\t\t<div class=\"elementor-widget-wrap elementor-element-populated\">\n\t\t\t\t\t\t\t\t<div class=\"elementor-element elementor-element-5f47f63 elementor-widget elementor-widget-image\" data-id=\"5f47f63\" data-element_type=\"widget\" data-widget_type=\"image.default\">\n\t\t\t\t<div class=\"elementor-widget-container\">\n\t\t\t\t\t\t\t\t\t\t\t\t<figure class=\"wp-caption\">\n\t\t\t\t\t\t\t\t\t\t\t<a href=\"https:\/\/link-art-tattoo.com\/index.php\/couleurs\/\">\n\t\t\t\t\t\t\t<img width=\"1919\" height=\"2560\" src=\"https:\/\/link-art-tattoo.com\/wp-content\/uploads\/2022\/12\/CCA72B12-8050-45C7-ACCB-7C48E1BD3B44-scaled.jpeg\" class=\"attachment-full size-full\" alt=\"\" loading=\"lazy\" srcset=\"https:\/\/link-art-tattoo.com\/wp-content\/uploads\/2022\/12\/CCA72B12-8050-45C7-ACCB-7C48E1BD3B44-scaled.jpeg 1919w, https:\/\/link-art-tattoo.com\/wp-content\/uploads\/2022\/12\/CCA72B12-8050-45C7-ACCB-7C48E1BD3B44-225x300.jpeg 225w, https:\/\/link-art-tattoo.com\/wp-content\/uploads\/2022\/12\/CCA72B12-8050-45C7-ACCB-7C48E1BD3B44-768x1024.jpeg 768w, https:\/\/link-art-tattoo.com\/wp-content\/uploads\/2022\/12\/CCA72B12-8050-45C7-ACCB-7C48E1BD3B44-1152x1536.jpeg 1152w, https:\/\/link-art-tattoo.com\/wp-content\/uploads\/2022\/12\/CCA72B12-8050-45C7-ACCB-7C48E1BD3B44-1536x2048.jpeg 1536w\" sizes=\"(max-width: 1919px) 100vw, 1919px\" \/>\t\t\t\t\t\t\t\t<\/a>\n\t\t\t\t\t\t\t\t\t\t\t<figcaption class=\"widget-image-caption wp-caption-text\">Couleurs<\/figcaption>\n\t\t\t\t\t\t\t\t\t\t<\/figure>\n\t\t\t\t\t\t\t\t\t<\/div>\n\t\t\t\t<\/div>\n\t\t\t\t\t<\/div>\n\t\t<\/div>\n\t\t\t\t<div class=\"elementor-column elementor-col-16 elementor-top-column elementor-element elementor-element-94830a4\" data-id=\"94830a4\" data-element_type=\"column\">\n\t\t\t<div class=\"elementor-widget-wrap elementor-element-populated\">\n\t\t\t\t\t\t\t\t<div class=\"elementor-element elementor-element-866aaa7 elementor-widget elementor-widget-image\" data-id=\"866aaa7\" data-element_type=\"widget\" data-widget_type=\"image.default\">\n\t\t\t\t<div class=\"elementor-widget-container\">\n\t\t\t\t\t\t\t\t\t\t\t\t<figure class=\"wp-caption\">\n\t\t\t\t\t\t\t\t\t\t\t<a href=\"https:\/\/link-art-tattoo.com\/index.php\/ornemental\/\">\n\t\t\t\t\t\t\t<img width=\"1916\" height=\"2560\" src=\"https:\/\/link-art-tattoo.com\/wp-content\/uploads\/2022\/12\/Picsart_22-09-12_19-21-51-857-scaled.jpg\" class=\"attachment-full size-full\" alt=\"\" loading=\"lazy\" srcset=\"https:\/\/link-art-tattoo.com\/wp-content\/uploads\/2022\/12\/Picsart_22-09-12_19-21-51-857-scaled.jpg 1916w, https:\/\/link-art-tattoo.com\/wp-content\/uploads\/2022\/12\/Picsart_22-09-12_19-21-51-857-224x300.jpg 224w, https:\/\/link-art-tattoo.com\/wp-content\/uploads\/2022\/12\/Picsart_22-09-12_19-21-51-857-766x1024.jpg 766w, https:\/\/link-art-tattoo.com\/wp-content\/uploads\/2022\/12\/Picsart_22-09-12_19-21-51-857-768x1026.jpg 768w, https:\/\/link-art-tattoo.com\/wp-content\/uploads\/2022\/12\/Picsart_22-09-12_19-21-51-857-1149x1536.jpg 1149w, https:\/\/link-art-tattoo.com\/wp-content\/uploads\/2022\/12\/Picsart_22-09-12_19-21-51-857-1532x2048.jpg 1532w\" sizes=\"(max-width: 1916px) 100vw, 1916px\" \/>\t\t\t\t\t\t\t\t<\/a>\n\t\t\t\t\t\t\t\t\t\t\t<figcaption class=\"widget-image-caption wp-caption-text\">Ornemental \/ Pattern \/ Mandala \/ Dot<\/figcaption>\n\t\t\t\t\t\t\t\t\t\t<\/figure>\n\t\t\t\t\t\t\t\t\t<\/div>\n\t\t\t\t<\/div>\n\t\t\t\t\t<\/div>\n\t\t<\/div>\n\t\t\t\t<div class=\"elementor-column elementor-col-16 elementor-top-column elementor-element elementor-element-150a477\" data-id=\"150a477\" data-element_type=\"column\">\n\t\t\t<div class=\"elementor-widget-wrap elementor-element-populated\">\n\t\t\t\t\t\t\t\t<div class=\"elementor-element elementor-element-01f086b elementor-widget elementor-widget-image\" data-id=\"01f086b\" data-element_type=\"widget\" data-widget_type=\"image.default\">\n\t\t\t\t<div class=\"elementor-widget-container\">\n\t\t\t\t\t\t\t\t\t\t\t\t<figure class=\"wp-caption\">\n\t\t\t\t\t\t\t\t\t\t\t<a href=\"https:\/\/link-art-tattoo.com\/index.php\/floral\/\">\n\t\t\t\t\t\t\t<img width=\"1916\" height=\"2560\" src=\"https:\/\/link-art-tattoo.com\/wp-content\/uploads\/2022\/12\/IMG_20221202_203250-scaled.jpg\" class=\"attachment-full size-full\" alt=\"\" loading=\"lazy\" srcset=\"https:\/\/link-art-tattoo.com\/wp-content\/uploads\/2022\/12\/IMG_20221202_203250-scaled.jpg 1916w, https:\/\/link-art-tattoo.com\/wp-content\/uploads\/2022\/12\/IMG_20221202_203250-224x300.jpg 224w, https:\/\/link-art-tattoo.com\/wp-content\/uploads\/2022\/12\/IMG_20221202_203250-766x1024.jpg 766w, https:\/\/link-art-tattoo.com\/wp-content\/uploads\/2022\/12\/IMG_20221202_203250-768x1026.jpg 768w, https:\/\/link-art-tattoo.com\/wp-content\/uploads\/2022\/12\/IMG_20221202_203250-1149x1536.jpg 1149w, https:\/\/link-art-tattoo.com\/wp-content\/uploads\/2022\/12\/IMG_20221202_203250-1532x2048.jpg 1532w\" sizes=\"(max-width: 1916px) 100vw, 1916px\" \/>\t\t\t\t\t\t\t\t<\/a>\n\t\t\t\t\t\t\t\t\t\t\t<figcaption class=\"widget-image-caption wp-caption-text\">Floral<\/figcaption>\n\t\t\t\t\t\t\t\t\t\t<\/figure>\n\t\t\t\t\t\t\t\t\t<\/div>\n\t\t\t\t<\/div>\n\t\t\t\t\t<\/div>\n\t\t<\/div>\n\t\t\t\t<div class=\"elementor-column elementor-col-16 elementor-top-column elementor-element elementor-element-60132b8\" data-id=\"60132b8\" data-element_type=\"column\">\n\t\t\t<div class=\"elementor-widget-wrap elementor-element-populated\">\n\t\t\t\t\t\t\t\t<div class=\"elementor-element elementor-element-c73de6a elementor-widget elementor-widget-image\" data-id=\"c73de6a\" data-element_type=\"widget\" data-widget_type=\"image.default\">\n\t\t\t\t<div class=\"elementor-widget-container\">\n\t\t\t\t\t\t\t\t\t\t\t\t<figure class=\"wp-caption\">\n\t\t\t\t\t\t\t\t\t\t\t<a href=\"https:\/\/link-art-tattoo.com\/index.php\/petits-tattoo\/\">\n\t\t\t\t\t\t\t<img width=\"646\" height=\"816\" src=\"https:\/\/link-art-tattoo.com\/wp-content\/uploads\/2022\/11\/Capture-decran-2022-11-29-a-16.16.30.png\" class=\"attachment-full size-full\" alt=\"\" loading=\"lazy\" srcset=\"https:\/\/link-art-tattoo.com\/wp-content\/uploads\/2022\/11\/Capture-decran-2022-11-29-a-16.16.30.png 646w, https:\/\/link-art-tattoo.com\/wp-content\/uploads\/2022\/11\/Capture-decran-2022-11-29-a-16.16.30-238x300.png 238w\" sizes=\"(max-width: 646px) 100vw, 646px\" \/>\t\t\t\t\t\t\t\t<\/a>\n\t\t\t\t\t\t\t\t\t\t\t<figcaption class=\"widget-image-caption wp-caption-text\">Petits Tattoo<\/figcaption>\n\t\t\t\t\t\t\t\t\t\t<\/figure>\n\t\t\t\t\t\t\t\t\t<\/div>\n\t\t\t\t<\/div>\n\t\t\t\t\t<\/div>\n\t\t<\/div>\n\t\t\t\t\t\t\t<\/div>\n\t\t<\/section>\n\t\t\t\t<section class=\"elementor-section elementor-top-section elementor-element elementor-element-eee680a elementor-section-boxed elementor-section-height-default elementor-section-height-default\" data-id=\"eee680a\" data-element_type=\"section\">\n\t\t\t\t\t\t<div class=\"elementor-container elementor-column-gap-default\">\n\t\t\t\t\t<div class=\"elementor-column elementor-col-100 elementor-top-column elementor-element elementor-element-a505fa1\" data-id=\"a505fa1\" data-element_type=\"column\">\n\t\t\t<div class=\"elementor-widget-wrap elementor-element-populated\">\n\t\t\t\t\t\t\t\t<div class=\"elementor-element elementor-element-97f5f76 elementor-widget elementor-widget-text-editor\" data-id=\"97f5f76\" data-element_type=\"widget\" data-widget_type=\"text-editor.default\">\n\t\t\t\t<div class=\"elementor-widget-container\">\n\t\t\t<style>\/*! elementor - v3.5.3 - 28-12-2021 *\/\n.elementor-widget-text-editor.elementor-drop-cap-view-stacked .elementor-drop-cap{background-color:#818a91;color:#fff}.elementor-widget-text-editor.elementor-drop-cap-view-framed .elementor-drop-cap{color:#818a91;border:3px solid;background-color:transparent}.elementor-widget-text-editor:not(.elementor-drop-cap-view-default) .elementor-drop-cap{margin-top:8px}.elementor-widget-text-editor:not(.elementor-drop-cap-view-default) .elementor-drop-cap-letter{width:1em;height:1em}.elementor-widget-text-editor .elementor-drop-cap{float:left;text-align:center;line-height:1;font-size:50px}.elementor-widget-text-editor .elementor-drop-cap-letter{display:inline-block}<\/style>\t\t\t\t<p>Clique sur chaque image pour d\u00e9couvrir les tattoo r\u00e9alis\u00e9s dans ces styles<\/p>\t\t\t\t\t\t<\/div>\n\t\t\t\t<\/div>\n\t\t\t\t\t<\/div>\n\t\t<\/div>\n\t\t\t\t\t\t\t<\/div>\n\t\t<\/section>\n\t\t\t\t\t\t<\/div>\n\t\t\t\t\t<\/div>\n\t\t","protected":false},"excerpt":{"rendered":"<p>Styles Graphiques de Nos tatoueurs R\u00e9alisme BlackWork \/ Neotrad Couleurs Ornemental \/ Pattern \/ Mandala \/ Dot Floral Petits Tattoo Clique sur chaque image pour d\u00e9couvrir les tattoo r\u00e9alis\u00e9s dans ces styles<\/p>\n","protected":false},"author":1,"featured_media":0,"parent":40,"menu_order":0,"comment_status":"closed","ping_status":"closed","template":"","meta":[],"yoast_head":"<!-- This site is optimized with the Yoast SEO plugin v17.8 - https:\/\/yoast.com\/wordpress\/plugins\/seo\/ -->\n<title>Cat\u00e9gories &amp; Styles - Link Art &amp; Tattoo<\/title>\n<meta name=\"robots\" content=\"index, follow, max-snippet:-1, max-image-preview:large, max-video-preview:-1\" \/>\n<link rel=\"canonical\" href=\"https:\/\/link-art-tattoo.com\/index.php\/le-shop\/categories-et-styles\/\" \/>\n<meta property=\"og:locale\" content=\"fr_FR\" \/>\n<meta property=\"og:type\" content=\"article\" \/>\n<meta property=\"og:title\" content=\"Cat\u00e9gories &amp; Styles - Link Art &amp; Tattoo\" \/>\n<meta property=\"og:description\" content=\"Styles Graphiques de Nos tatoueurs R\u00e9alisme BlackWork \/ Neotrad Couleurs Ornemental \/ Pattern \/ Mandala \/ Dot Floral Petits Tattoo Clique sur chaque image pour d\u00e9couvrir les tattoo r\u00e9alis\u00e9s dans ces styles\" \/>\n<meta property=\"og:url\" content=\"https:\/\/link-art-tattoo.com\/index.php\/le-shop\/categories-et-styles\/\" \/>\n<meta property=\"og:site_name\" content=\"Link Art &amp; Tattoo\" \/>\n<meta property=\"article:modified_time\" content=\"2024-05-13T14:50:45+00:00\" \/>\n<meta property=\"og:image\" content=\"https:\/\/link-art-tattoo.com\/wp-content\/uploads\/2022\/12\/IMG-20221206-WA0009.jpg\" \/>\n<meta name=\"twitter:card\" content=\"summary_large_image\" \/>\n<meta name=\"twitter:label1\" content=\"Dur\u00e9e de lecture estim\u00e9e\" \/>\n\t<meta name=\"twitter:data1\" content=\"2 minutes\" \/>\n<script type=\"application\/ld+json\" class=\"yoast-schema-graph\">{\"@context\":\"https:\/\/schema.org\",\"@graph\":[{\"@type\":\"WebSite\",\"@id\":\"https:\/\/link-art-tattoo.com\/#website\",\"url\":\"https:\/\/link-art-tattoo.com\/\",\"name\":\"Link Art &amp; Tattoo\",\"description\":\"\",\"potentialAction\":[{\"@type\":\"SearchAction\",\"target\":{\"@type\":\"EntryPoint\",\"urlTemplate\":\"https:\/\/link-art-tattoo.com\/?s={search_term_string}\"},\"query-input\":\"required name=search_term_string\"}],\"inLanguage\":\"fr-FR\"},{\"@type\":\"ImageObject\",\"@id\":\"https:\/\/link-art-tattoo.com\/index.php\/le-shop\/categories-et-styles\/#primaryimage\",\"inLanguage\":\"fr-FR\",\"url\":\"https:\/\/link-art-tattoo.com\/wp-content\/uploads\/2022\/12\/IMG-20221206-WA0009.jpg\",\"contentUrl\":\"https:\/\/link-art-tattoo.com\/wp-content\/uploads\/2022\/12\/IMG-20221206-WA0009.jpg\",\"width\":1200,\"height\":1600},{\"@type\":\"WebPage\",\"@id\":\"https:\/\/link-art-tattoo.com\/index.php\/le-shop\/categories-et-styles\/#webpage\",\"url\":\"https:\/\/link-art-tattoo.com\/index.php\/le-shop\/categories-et-styles\/\",\"name\":\"Cat\\u00e9gories & Styles - Link Art &amp; Tattoo\",\"isPartOf\":{\"@id\":\"https:\/\/link-art-tattoo.com\/#website\"},\"primaryImageOfPage\":{\"@id\":\"https:\/\/link-art-tattoo.com\/index.php\/le-shop\/categories-et-styles\/#primaryimage\"},\"datePublished\":\"2022-12-30T14:14:33+00:00\",\"dateModified\":\"2024-05-13T14:50:45+00:00\",\"breadcrumb\":{\"@id\":\"https:\/\/link-art-tattoo.com\/index.php\/le-shop\/categories-et-styles\/#breadcrumb\"},\"inLanguage\":\"fr-FR\",\"potentialAction\":[{\"@type\":\"ReadAction\",\"target\":[\"https:\/\/link-art-tattoo.com\/index.php\/le-shop\/categories-et-styles\/\"]}]},{\"@type\":\"BreadcrumbList\",\"@id\":\"https:\/\/link-art-tattoo.com\/index.php\/le-shop\/categories-et-styles\/#breadcrumb\",\"itemListElement\":[{\"@type\":\"ListItem\",\"position\":1,\"name\":\"Accueil\",\"item\":\"https:\/\/link-art-tattoo.com\/\"},{\"@type\":\"ListItem\",\"position\":2,\"name\":\"Le shop\",\"item\":\"https:\/\/link-art-tattoo.com\/index.php\/le-shop\/\"},{\"@type\":\"ListItem\",\"position\":3,\"name\":\"Cat\\u00e9gories &#038; Styles\"}]}]}<\/script>\n<!-- \/ Yoast SEO plugin. -->","yoast_head_json":{"title":"Cat\u00e9gories & Styles - Link Art &amp; Tattoo","robots":{"index":"index","follow":"follow","max-snippet":"max-snippet:-1","max-image-preview":"max-image-preview:large","max-video-preview":"max-video-preview:-1"},"canonical":"https:\/\/link-art-tattoo.com\/index.php\/le-shop\/categories-et-styles\/","og_locale":"fr_FR","og_type":"article","og_title":"Cat\u00e9gories & Styles - Link Art &amp; Tattoo","og_description":"Styles Graphiques de Nos tatoueurs R\u00e9alisme BlackWork \/ Neotrad Couleurs Ornemental \/ Pattern \/ Mandala \/ Dot Floral Petits Tattoo Clique sur chaque image pour d\u00e9couvrir les tattoo r\u00e9alis\u00e9s dans ces styles","og_url":"https:\/\/link-art-tattoo.com\/index.php\/le-shop\/categories-et-styles\/","og_site_name":"Link Art &amp; Tattoo","article_modified_time":"2024-05-13T14:50:45+00:00","og_image":[{"url":"https:\/\/link-art-tattoo.com\/wp-content\/uploads\/2022\/12\/IMG-20221206-WA0009.jpg"}],"twitter_card":"summary_large_image","twitter_misc":{"Dur\u00e9e de lecture estim\u00e9e":"2 minutes"},"schema":{"@context":"https:\/\/schema.org","@graph":[{"@type":"WebSite","@id":"https:\/\/link-art-tattoo.com\/#website","url":"https:\/\/link-art-tattoo.com\/","name":"Link Art &amp; Tattoo","description":"","potentialAction":[{"@type":"SearchAction","target":{"@type":"EntryPoint","urlTemplate":"https:\/\/link-art-tattoo.com\/?s={search_term_string}"},"query-input":"required name=search_term_string"}],"inLanguage":"fr-FR"},{"@type":"ImageObject","@id":"https:\/\/link-art-tattoo.com\/index.php\/le-shop\/categories-et-styles\/#primaryimage","inLanguage":"fr-FR","url":"https:\/\/link-art-tattoo.com\/wp-content\/uploads\/2022\/12\/IMG-20221206-WA0009.jpg","contentUrl":"https:\/\/link-art-tattoo.com\/wp-content\/uploads\/2022\/12\/IMG-20221206-WA0009.jpg","width":1200,"height":1600},{"@type":"WebPage","@id":"https:\/\/link-art-tattoo.com\/index.php\/le-shop\/categories-et-styles\/#webpage","url":"https:\/\/link-art-tattoo.com\/index.php\/le-shop\/categories-et-styles\/","name":"Cat\u00e9gories & Styles - Link Art &amp; Tattoo","isPartOf":{"@id":"https:\/\/link-art-tattoo.com\/#website"},"primaryImageOfPage":{"@id":"https:\/\/link-art-tattoo.com\/index.php\/le-shop\/categories-et-styles\/#primaryimage"},"datePublished":"2022-12-30T14:14:33+00:00","dateModified":"2024-05-13T14:50:45+00:00","breadcrumb":{"@id":"https:\/\/link-art-tattoo.com\/index.php\/le-shop\/categories-et-styles\/#breadcrumb"},"inLanguage":"fr-FR","potentialAction":[{"@type":"ReadAction","target":["https:\/\/link-art-tattoo.com\/index.php\/le-shop\/categories-et-styles\/"]}]},{"@type":"BreadcrumbList","@id":"https:\/\/link-art-tattoo.com\/index.php\/le-shop\/categories-et-styles\/#breadcrumb","itemListElement":[{"@type":"ListItem","position":1,"name":"Accueil","item":"https:\/\/link-art-tattoo.com\/"},{"@type":"ListItem","position":2,"name":"Le shop","item":"https:\/\/link-art-tattoo.com\/index.php\/le-shop\/"},{"@type":"ListItem","position":3,"name":"Cat\u00e9gories &#038; Styles"}]}]}},"_links":{"self":[{"href":"https:\/\/link-art-tattoo.com\/index.php\/wp-json\/wp\/v2\/pages\/1601"}],"collection":[{"href":"https:\/\/link-art-tattoo.com\/index.php\/wp-json\/wp\/v2\/pages"}],"about":[{"href":"https:\/\/link-art-tattoo.com\/index.php\/wp-json\/wp\/v2\/types\/page"}],"author":[{"embeddable":true,"href":"https:\/\/link-art-tattoo.com\/index.php\/wp-json\/wp\/v2\/users\/1"}],"replies":[{"embeddable":true,"href":"https:\/\/link-art-tattoo.com\/index.php\/wp-json\/wp\/v2\/comments?post=1601"}],"version-history":[{"count":29,"href":"https:\/\/link-art-tattoo.com\/index.php\/wp-json\/wp\/v2\/pages\/1601\/revisions"}],"predecessor-version":[{"id":2299,"href":"https:\/\/link-art-tattoo.com\/index.php\/wp-json\/wp\/v2\/pages\/1601\/revisions\/2299"}],"up":[{"embeddable":true,"href":"https:\/\/link-art-tattoo.com\/index.php\/wp-json\/wp\/v2\/pages\/40"}],"wp:attachment":[{"href":"https:\/\/link-art-tattoo.com\/index.php\/wp-json\/wp\/v2\/media?parent=1601"}],"curies":[{"name":"wp","href":"https:\/\/api.w.org\/{rel}","templated":true}]}}